{"id":41,"date":"2020-06-11T00:44:41","date_gmt":"2020-06-11T03:44:41","guid":{"rendered":"https:\/\/rsac.adv.br\/blog\/?page_id=41"},"modified":"2021-05-18T17:41:50","modified_gmt":"2021-05-18T20:41:50","slug":"inicio","status":"publish","type":"page","link":"https:\/\/rsac.adv.br\/blog\/","title":{"rendered":"In\u00edcio"},"content":{"rendered":"\t\t<div data-elementor-type=\"wp-page\" data-elementor-id=\"41\" class=\"elementor elementor-41\">\n\t\t\t\t\t\t<section class=\"elementor-section elementor-top-section elementor-element elementor-element-b0f692e elementor-section-boxed elementor-section-height-default elementor-section-height-default\" data-id=\"b0f692e\" data-element_type=\"section\" data-e-type=\"section\">\n\t\t\t\t\t\t<div class=\"elementor-container elementor-column-gap-default\">\n\t\t\t\t\t<div class=\"elementor-column elementor-col-100 elementor-top-column elementor-element elementor-element-3b750fe\" data-id=\"3b750fe\" data-element_type=\"column\" data-e-type=\"column\">\n\t\t\t<div class=\"elementor-widget-wrap elementor-element-populated\">\n\t\t\t\t\t\t<div class=\"elementor-element elementor-element-207a56c premium-blog-align-left elementor-widget elementor-widget-premium-addon-blog\" data-id=\"207a56c\" data-element_type=\"widget\" data-e-type=\"widget\" data-settings=\"{&quot;premium_blog_columns_number&quot;:&quot;100%&quot;,&quot;premium_blog_columns_number_tablet&quot;:&quot;100%&quot;,&quot;premium_blog_grid&quot;:&quot;yes&quot;,&quot;premium_blog_layout&quot;:&quot;even&quot;,&quot;premium_blog_columns_number_mobile&quot;:&quot;100%&quot;,&quot;scroll_to_offset&quot;:&quot;yes&quot;}\" data-widget_type=\"premium-addon-blog.default\">\n\t\t\t\t<div class=\"elementor-widget-container\">\n\t\t\t\t\t\n\t\t\t\t<div class=\"premium-blog-wrap  premium-blog-even\" data-page=\"41\" data-pagination=\"true\">\n\t\t\t\t\t<div class=\"premium-blog-post-outer-container\" data-total=\"6\">\n\t\t\t<div class=\"premium-blog-post-container premium-blog-skin-classic\">\n\t\t\t\t\t\t\t\t\t<div class=\"premium-blog-thumb-effect-wrapper\">\n\t\t\t\t\t\t<div class=\"premium-blog-thumbnail-container premium-blog-zoomin-effect\">\n\t\t\t\t\t\t\t<img fetchpriority=\"high\" decoding=\"async\" width=\"750\" height=\"500\" src=\"https:\/\/rsac.adv.br\/blog\/wp-content\/uploads\/2022\/09\/demissao-de-funcionarios.jpg\" class=\"attachment-full size-full wp-image-237\" alt=\"Homem recolhendo seus pertences na mesa de trabalho pois foi demitido.\" srcset=\"https:\/\/rsac.adv.br\/blog\/wp-content\/uploads\/2022\/09\/demissao-de-funcionarios.jpg 750w, https:\/\/rsac.adv.br\/blog\/wp-content\/uploads\/2022\/09\/demissao-de-funcionarios-300x200.jpg 300w\" sizes=\"(max-width: 750px) 100vw, 750px\" \/>\t\t\t\t\t\t<\/div>\n\t\t\t\t\t\t\t\t\t\t\t\t\t<div class=\"premium-blog-thumbnail-overlay\">\n\t\t\t\t\t\t\t\t<a class=\"elementor-icon\" href=\"https:\/\/rsac.adv.br\/blog\/2022\/09\/01\/direitos-do-funcionario-quando-ha-demissao-no-periodo-de-experiencia\/\" target=\"_self\"><\/a>\n\t\t\t\t\t\t\t<\/div>\n\n\t\t\t\t\t\t\t\t\t\t\t\t\t\t\t\t\t\t<\/div>\n\t\t\t\t\t\t\t\t\t\t\t\t<div class=\"premium-blog-content-wrapper \">\n\n\t\t\t\t\t<div class=\"premium-blog-inner-container\">\n\n\t\t\t\t\t\t\t\t\t\t\t\t\t\t<h2 class=\"premium-blog-entry-title\">\n\t\t\t<a href=\"https:\/\/rsac.adv.br\/blog\/2022\/09\/01\/direitos-do-funcionario-quando-ha-demissao-no-periodo-de-experiencia\/\" target=\"_self\">\n\t\t\t\tDIREITOS DO FUNCION\u00c1RIO QUANDO H\u00c1 DEMISS\u00c3O NO PER\u00cdODO DE EXPERI\u00caNCIA\t\t\t<\/a>\n\t\t<\/h2>\n\t\t\t\t<div class=\"premium-blog-entry-meta\">\n\t\t\t\t\t\t\t<div class=\"premium-blog-post-author premium-blog-meta-data\">\n\t\t\t\t\t<i class=\"fa fa-user fa-fw\" aria-hidden=\"true\"><\/i>\n\t\t\t\t\t<a href=\"https:\/\/rsac.adv.br\/blog\/author\/rafael\/\" title=\"Posts de Rafael Sousa\" rel=\"author\">Rafael Sousa<\/a>\t\t\t\t<\/div>\n\t\t\t\n\t\t\t\t\t\t\t<span class=\"premium-blog-meta-separator\">\u2022<\/span>\n\t\t\t\t<div class=\"premium-blog-post-time premium-blog-meta-data\">\n\t\t\t\t\t<i class=\"fa fa-calendar-alt\" aria-hidden=\"true\"><\/i>\n\t\t\t\t\t<span>1 de setembro de 2022<\/span>\n\t\t\t\t<\/div>\n\t\t\t\n\t\t\t\t\t\t\t<span class=\"premium-blog-meta-separator\">\u2022<\/span>\n\t\t\t\t<div class=\"premium-blog-post-categories premium-blog-meta-data\">\n\t\t\t\t\t<i class=\"fa fa-align-left fa-fw\" aria-hidden=\"true\"><\/i>\n\t\t\t\t\t<a href=\"https:\/\/rsac.adv.br\/blog\/category\/direito\/direito-trabalhista\/\" rel=\"category tag\">Direito Trabalhista<\/a>\t\t\t\t<\/div>\n\t\t\t\n\t\t\t\t\t<\/div>\n\t\t\n\t\t\t\t\t<\/div>\n\n\t\t\t\t\t\t\t<div class=\"premium-blog-content-inner-wrapper\">\n\t\t<p class=\"premium-blog-post-content\">Contrato de experi\u00eancia \u00e9 uma modalidade do contrato de trabalho por prazo determinado. Segundo o artigo 445 da CLT (Consolida\u00e7\u00e3o das Leis do Trabalho), o empregador pode determinar um per\u00edodo de experi\u00eancia com prazo m\u00e1ximo de 90 dias.<\/p>\t\t<\/div>\n\t\t\t\t\t\t\t\n\t\t\t\t<\/div>\n\t\t\t<\/div>\n\t\t<\/div>\n\n\t\t\t\t<div class=\"premium-blog-post-outer-container\" data-total=\"6\">\n\t\t\t<div class=\"premium-blog-post-container premium-blog-skin-classic\">\n\t\t\t\t\t\t\t\t\t<div class=\"premium-blog-thumb-effect-wrapper\">\n\t\t\t\t\t\t<div class=\"premium-blog-thumbnail-container premium-blog-zoomin-effect\">\n\t\t\t\t\t\t\t<img decoding=\"async\" width=\"1024\" height=\"664\" src=\"https:\/\/rsac.adv.br\/blog\/wp-content\/uploads\/2021\/02\/ARTIGO-19.png\" class=\"attachment-full size-full wp-image-220\" alt=\"\" srcset=\"https:\/\/rsac.adv.br\/blog\/wp-content\/uploads\/2021\/02\/ARTIGO-19.png 1024w, https:\/\/rsac.adv.br\/blog\/wp-content\/uploads\/2021\/02\/ARTIGO-19-300x195.png 300w, https:\/\/rsac.adv.br\/blog\/wp-content\/uploads\/2021\/02\/ARTIGO-19-768x498.png 768w\" sizes=\"(max-width: 1024px) 100vw, 1024px\" \/>\t\t\t\t\t\t<\/div>\n\t\t\t\t\t\t\t\t\t\t\t\t\t<div class=\"premium-blog-thumbnail-overlay\">\n\t\t\t\t\t\t\t\t<a class=\"elementor-icon\" href=\"https:\/\/rsac.adv.br\/blog\/2021\/02\/24\/declaracao-anual-de-dados-cadastrais-do-imovel-para-iptu\/\" target=\"_self\"><\/a>\n\t\t\t\t\t\t\t<\/div>\n\n\t\t\t\t\t\t\t\t\t\t\t\t\t\t\t\t\t\t<\/div>\n\t\t\t\t\t\t\t\t\t\t\t\t<div class=\"premium-blog-content-wrapper \">\n\n\t\t\t\t\t<div class=\"premium-blog-inner-container\">\n\n\t\t\t\t\t\t\t\t\t\t\t\t\t\t<h2 class=\"premium-blog-entry-title\">\n\t\t\t<a href=\"https:\/\/rsac.adv.br\/blog\/2021\/02\/24\/declaracao-anual-de-dados-cadastrais-do-imovel-para-iptu\/\" target=\"_self\">\n\t\t\t\tDECLARA\u00c7\u00c3O ANUAL DE DADOS CADASTRAIS DO IM\u00d3VEL PARA IPTU\t\t\t<\/a>\n\t\t<\/h2>\n\t\t\t\t<div class=\"premium-blog-entry-meta\">\n\t\t\t\t\t\t\t<div class=\"premium-blog-post-author premium-blog-meta-data\">\n\t\t\t\t\t<i class=\"fa fa-user fa-fw\" aria-hidden=\"true\"><\/i>\n\t\t\t\t\t<a href=\"https:\/\/rsac.adv.br\/blog\/author\/rafael\/\" title=\"Posts de Rafael Sousa\" rel=\"author\">Rafael Sousa<\/a>\t\t\t\t<\/div>\n\t\t\t\n\t\t\t\t\t\t\t<span class=\"premium-blog-meta-separator\">\u2022<\/span>\n\t\t\t\t<div class=\"premium-blog-post-time premium-blog-meta-data\">\n\t\t\t\t\t<i class=\"fa fa-calendar-alt\" aria-hidden=\"true\"><\/i>\n\t\t\t\t\t<span>24 de fevereiro de 2021<\/span>\n\t\t\t\t<\/div>\n\t\t\t\n\t\t\t\t\t\t\t<span class=\"premium-blog-meta-separator\">\u2022<\/span>\n\t\t\t\t<div class=\"premium-blog-post-categories premium-blog-meta-data\">\n\t\t\t\t\t<i class=\"fa fa-align-left fa-fw\" aria-hidden=\"true\"><\/i>\n\t\t\t\t\t<a href=\"https:\/\/rsac.adv.br\/blog\/category\/direito\/\" rel=\"category tag\">Direito<\/a>, <a href=\"https:\/\/rsac.adv.br\/blog\/category\/direito\/direito-tributario\/\" rel=\"category tag\">Direito Tribut\u00e1rio<\/a>\t\t\t\t<\/div>\n\t\t\t\n\t\t\t\t\t<\/div>\n\t\t\n\t\t\t\t\t<\/div>\n\n\t\t\t\t\t\t\t<div class=\"premium-blog-content-inner-wrapper\">\n\t\t<p class=\"premium-blog-post-content\">Chamado de DeCAD, sistema promete reduzir a burocracia que gira em torno do Imposto sobre a Propriedade Predial e Territorial Urbana - IPTU.<\/p>\t\t<\/div>\n\t\t\t\t\t\t\t\n\t\t\t\t<\/div>\n\t\t\t<\/div>\n\t\t<\/div>\n\n\t\t\t\t<div class=\"premium-blog-post-outer-container\" data-total=\"6\">\n\t\t\t<div class=\"premium-blog-post-container premium-blog-skin-classic\">\n\t\t\t\t\t\t\t\t\t<div class=\"premium-blog-thumb-effect-wrapper\">\n\t\t\t\t\t\t<div class=\"premium-blog-thumbnail-container premium-blog-zoomin-effect\">\n\t\t\t\t\t\t\t<img decoding=\"async\" width=\"810\" height=\"471\" src=\"https:\/\/rsac.adv.br\/blog\/wp-content\/uploads\/2021\/01\/ARTIGO-18.jpg\" class=\"attachment-full size-full wp-image-216\" alt=\"\" srcset=\"https:\/\/rsac.adv.br\/blog\/wp-content\/uploads\/2021\/01\/ARTIGO-18.jpg 810w, https:\/\/rsac.adv.br\/blog\/wp-content\/uploads\/2021\/01\/ARTIGO-18-300x174.jpg 300w, https:\/\/rsac.adv.br\/blog\/wp-content\/uploads\/2021\/01\/ARTIGO-18-768x447.jpg 768w\" sizes=\"(max-width: 810px) 100vw, 810px\" \/>\t\t\t\t\t\t<\/div>\n\t\t\t\t\t\t\t\t\t\t\t\t\t<div class=\"premium-blog-thumbnail-overlay\">\n\t\t\t\t\t\t\t\t<a class=\"elementor-icon\" href=\"https:\/\/rsac.adv.br\/blog\/2021\/01\/27\/principais-novidades-na-nova-lei-de-falencias\/\" target=\"_self\"><\/a>\n\t\t\t\t\t\t\t<\/div>\n\n\t\t\t\t\t\t\t\t\t\t\t\t\t\t\t\t\t\t<\/div>\n\t\t\t\t\t\t\t\t\t\t\t\t<div class=\"premium-blog-content-wrapper \">\n\n\t\t\t\t\t<div class=\"premium-blog-inner-container\">\n\n\t\t\t\t\t\t\t\t\t\t\t\t\t\t<h2 class=\"premium-blog-entry-title\">\n\t\t\t<a href=\"https:\/\/rsac.adv.br\/blog\/2021\/01\/27\/principais-novidades-na-nova-lei-de-falencias\/\" target=\"_self\">\n\t\t\t\tPRINCIPAIS NOVIDADES NA NOVA LEI DE FAL\u00caNCIAS\t\t\t<\/a>\n\t\t<\/h2>\n\t\t\t\t<div class=\"premium-blog-entry-meta\">\n\t\t\t\t\t\t\t<div class=\"premium-blog-post-author premium-blog-meta-data\">\n\t\t\t\t\t<i class=\"fa fa-user fa-fw\" aria-hidden=\"true\"><\/i>\n\t\t\t\t\t<a href=\"https:\/\/rsac.adv.br\/blog\/author\/rafael\/\" title=\"Posts de Rafael Sousa\" rel=\"author\">Rafael Sousa<\/a>\t\t\t\t<\/div>\n\t\t\t\n\t\t\t\t\t\t\t<span class=\"premium-blog-meta-separator\">\u2022<\/span>\n\t\t\t\t<div class=\"premium-blog-post-time premium-blog-meta-data\">\n\t\t\t\t\t<i class=\"fa fa-calendar-alt\" aria-hidden=\"true\"><\/i>\n\t\t\t\t\t<span>27 de janeiro de 2021<\/span>\n\t\t\t\t<\/div>\n\t\t\t\n\t\t\t\t\t\t\t<span class=\"premium-blog-meta-separator\">\u2022<\/span>\n\t\t\t\t<div class=\"premium-blog-post-categories premium-blog-meta-data\">\n\t\t\t\t\t<i class=\"fa fa-align-left fa-fw\" aria-hidden=\"true\"><\/i>\n\t\t\t\t\t<a href=\"https:\/\/rsac.adv.br\/blog\/category\/direito\/\" rel=\"category tag\">Direito<\/a>, <a href=\"https:\/\/rsac.adv.br\/blog\/category\/direito\/direito-empresarial\/\" rel=\"category tag\">Direito Empresarial<\/a>\t\t\t\t<\/div>\n\t\t\t\n\t\t\t\t\t<\/div>\n\t\t\n\t\t\t\t\t<\/div>\n\n\t\t\t\t\t\t\t<div class=\"premium-blog-content-inner-wrapper\">\n\t\t<p class=\"premium-blog-post-content\">A Lei 14.112 de 2020, que trata sobre fal\u00eancia, recupera\u00e7\u00e3o judicial e extrajudicial trouxe algumas novidades consider\u00e1veis.<\/p>\t\t<\/div>\n\t\t\t\t\t\t\t\n\t\t\t\t<\/div>\n\t\t\t<\/div>\n\t\t<\/div>\n\n\t\t\t\t<div class=\"premium-blog-post-outer-container\" data-total=\"6\">\n\t\t\t<div class=\"premium-blog-post-container premium-blog-skin-classic\">\n\t\t\t\t\t\t\t\t\t<div class=\"premium-blog-thumb-effect-wrapper\">\n\t\t\t\t\t\t<div class=\"premium-blog-thumbnail-container premium-blog-zoomin-effect\">\n\t\t\t\t\t\t\t<img loading=\"lazy\" decoding=\"async\" width=\"2230\" height=\"1488\" src=\"https:\/\/rsac.adv.br\/blog\/wp-content\/uploads\/2020\/10\/ARTIGO-17.jpg\" class=\"attachment-full size-full wp-image-209\" alt=\"CTPS e APP do FGTS\" srcset=\"https:\/\/rsac.adv.br\/blog\/wp-content\/uploads\/2020\/10\/ARTIGO-17.jpg 2230w, https:\/\/rsac.adv.br\/blog\/wp-content\/uploads\/2020\/10\/ARTIGO-17-300x200.jpg 300w, https:\/\/rsac.adv.br\/blog\/wp-content\/uploads\/2020\/10\/ARTIGO-17-1024x683.jpg 1024w, https:\/\/rsac.adv.br\/blog\/wp-content\/uploads\/2020\/10\/ARTIGO-17-768x512.jpg 768w, https:\/\/rsac.adv.br\/blog\/wp-content\/uploads\/2020\/10\/ARTIGO-17-1536x1025.jpg 1536w, https:\/\/rsac.adv.br\/blog\/wp-content\/uploads\/2020\/10\/ARTIGO-17-2048x1367.jpg 2048w\" sizes=\"(max-width: 2230px) 100vw, 2230px\" \/>\t\t\t\t\t\t<\/div>\n\t\t\t\t\t\t\t\t\t\t\t\t\t<div class=\"premium-blog-thumbnail-overlay\">\n\t\t\t\t\t\t\t\t<a class=\"elementor-icon\" href=\"https:\/\/rsac.adv.br\/blog\/2020\/10\/28\/o-fgts-e-o-afastamento-do-trabalho\/\" target=\"_self\"><\/a>\n\t\t\t\t\t\t\t<\/div>\n\n\t\t\t\t\t\t\t\t\t\t\t\t\t\t\t\t\t\t<\/div>\n\t\t\t\t\t\t\t\t\t\t\t\t<div class=\"premium-blog-content-wrapper \">\n\n\t\t\t\t\t<div class=\"premium-blog-inner-container\">\n\n\t\t\t\t\t\t\t\t\t\t\t\t\t\t<h2 class=\"premium-blog-entry-title\">\n\t\t\t<a href=\"https:\/\/rsac.adv.br\/blog\/2020\/10\/28\/o-fgts-e-o-afastamento-do-trabalho\/\" target=\"_self\">\n\t\t\t\tO FGTS E O AFASTAMENTO DO TRABALHO\t\t\t<\/a>\n\t\t<\/h2>\n\t\t\t\t<div class=\"premium-blog-entry-meta\">\n\t\t\t\t\t\t\t<div class=\"premium-blog-post-author premium-blog-meta-data\">\n\t\t\t\t\t<i class=\"fa fa-user fa-fw\" aria-hidden=\"true\"><\/i>\n\t\t\t\t\t<a href=\"https:\/\/rsac.adv.br\/blog\/author\/rafael\/\" title=\"Posts de Rafael Sousa\" rel=\"author\">Rafael Sousa<\/a>\t\t\t\t<\/div>\n\t\t\t\n\t\t\t\t\t\t\t<span class=\"premium-blog-meta-separator\">\u2022<\/span>\n\t\t\t\t<div class=\"premium-blog-post-time premium-blog-meta-data\">\n\t\t\t\t\t<i class=\"fa fa-calendar-alt\" aria-hidden=\"true\"><\/i>\n\t\t\t\t\t<span>28 de outubro de 2020<\/span>\n\t\t\t\t<\/div>\n\t\t\t\n\t\t\t\t\t\t\t<span class=\"premium-blog-meta-separator\">\u2022<\/span>\n\t\t\t\t<div class=\"premium-blog-post-categories premium-blog-meta-data\">\n\t\t\t\t\t<i class=\"fa fa-align-left fa-fw\" aria-hidden=\"true\"><\/i>\n\t\t\t\t\t<a href=\"https:\/\/rsac.adv.br\/blog\/category\/direito\/\" rel=\"category tag\">Direito<\/a>, <a href=\"https:\/\/rsac.adv.br\/blog\/category\/direito\/direito-trabalhista\/\" rel=\"category tag\">Direito Trabalhista<\/a>\t\t\t\t<\/div>\n\t\t\t\n\t\t\t\t\t<\/div>\n\t\t\n\t\t\t\t\t<\/div>\n\n\t\t\t\t\t\t\t<div class=\"premium-blog-content-inner-wrapper\">\n\t\t<p class=\"premium-blog-post-content\">H\u00e1 varia\u00e7\u00e3o de regras para o tipo de afastamento, refletindo nos dep\u00f3sitos de FGTS pelo empregador.<\/p>\t\t<\/div>\n\t\t\t\t\t\t\t\n\t\t\t\t<\/div>\n\t\t\t<\/div>\n\t\t<\/div>\n\n\t\t\t\t<\/div>\n\n\t\t\t\t<div class=\"premium-blog-footer\">\n\t\t\t\t\t\t<nav class=\"premium-blog-pagination-container\" role=\"navigation\" aria-label=\"Pagina\u00e7\u00e3o\">\n\t\t\t\t<span aria-current=\"page\" class=\"page-numbers current\">1<\/span>\n<a class=\"page-numbers\" href=\"https:\/\/rsac.adv.br\/blog\/wp-json\/wp\/v2\/pages\/41\/page\/2\/\">2<\/a>\n<a class=\"page-numbers\" href=\"https:\/\/rsac.adv.br\/blog\/wp-json\/wp\/v2\/pages\/41\/page\/3\/\">3<\/a>\n<span class=\"page-numbers dots\">&hellip;<\/span>\n<a class=\"page-numbers\" href=\"https:\/\/rsac.adv.br\/blog\/wp-json\/wp\/v2\/pages\/41\/page\/5\/\">5<\/a>\n<a class=\"next page-numbers\" href=\"https:\/\/rsac.adv.br\/blog\/wp-json\/wp\/v2\/pages\/41\/page\/2\/\">Pr\u00f3ximo \u00bb<\/a>\t\t\t<\/nav>\n\t\t\t\t\t<\/div>\n\t\t\t\t\t\t\t<\/div>\n\t\t\t\t<\/div>\n\t\t\t\t\t<\/div>\n\t\t<\/div>\n\t\t\t\t\t<\/div>\n\t\t<\/section>\n\t\t\t\t<\/div>\n\t\t","protected":false},"excerpt":{"rendered":"<p>DECLARA\u00c7\u00c3O ANUAL DE DADOS CADASTRAIS DO IM\u00d3VEL PARA IPTU Rafael Sousa \u2022 24 de fevereiro de 2021 \u2022 Direito, Direito Tribut\u00e1rio Chamado de DeCAD, sistema promete reduzir a burocracia que gira em torno do Imposto sobre a Propriedade Predial e Territorial Urbana &#8211; IPTU. PRINCIPAIS NOVIDADES NA NOVA LEI DE FAL\u00caNCIAS Rafael Sousa \u2022 27 &hellip;<\/p>\n<p class=\"read-more\"> <a class=\"\" href=\"https:\/\/rsac.adv.br\/blog\/2020\/10\/28\/o-fgts-e-o-afastamento-do-trabalho\/\"> <span class=\"screen-reader-text\">O FGTS E O AFASTAMENTO DO TRABALHO<\/span> Leia mais &raquo;<\/a><\/p>\n","protected":false},"author":3,"featured_media":0,"parent":0,"menu_order":0,"comment_status":"closed","ping_status":"closed","template":"","meta":{"footnotes":""},"class_list":["post-41","page","type-page","status-publish","hentry"],"_links":{"self":[{"href":"https:\/\/rsac.adv.br\/blog\/wp-json\/wp\/v2\/pages\/41","targetHints":{"allow":["GET"]}}],"collection":[{"href":"https:\/\/rsac.adv.br\/blog\/wp-json\/wp\/v2\/pages"}],"about":[{"href":"https:\/\/rsac.adv.br\/blog\/wp-json\/wp\/v2\/types\/page"}],"author":[{"embeddable":true,"href":"https:\/\/rsac.adv.br\/blog\/wp-json\/wp\/v2\/users\/3"}],"replies":[{"embeddable":true,"href":"https:\/\/rsac.adv.br\/blog\/wp-json\/wp\/v2\/comments?post=41"}],"version-history":[{"count":14,"href":"https:\/\/rsac.adv.br\/blog\/wp-json\/wp\/v2\/pages\/41\/revisions"}],"predecessor-version":[{"id":233,"href":"https:\/\/rsac.adv.br\/blog\/wp-json\/wp\/v2\/pages\/41\/revisions\/233"}],"wp:attachment":[{"href":"https:\/\/rsac.adv.br\/blog\/wp-json\/wp\/v2\/media?parent=41"}],"curies":[{"name":"wp","href":"https:\/\/api.w.org\/{rel}","templated":true}]}}